{"id":2460,"date":"2026-03-20T18:32:05","date_gmt":"2026-03-20T16:32:05","guid":{"rendered":"https:\/\/cyscoe.ro\/politica-gdpr\/"},"modified":"2026-03-20T20:08:55","modified_gmt":"2026-03-20T18:08:55","slug":"politica-gdpr","status":"publish","type":"page","link":"https:\/\/cyscoe.ro\/ro\/politica-gdpr\/","title":{"rendered":"Politica GDPR"},"content":{"rendered":"\t\t<div data-elementor-type=\"wp-page\" data-elementor-id=\"2460\" class=\"elementor elementor-2460 elementor-2447\" data-elementor-post-type=\"page\">\n\t\t\t\t\t\t<section class=\"elementor-section elementor-top-section elementor-element elementor-element-ec25db3 elementor-section-boxed elementor-section-height-default elementor-section-height-default\" data-id=\"ec25db3\" data-element_type=\"section\" data-e-type=\"section\">\n\t\t\t\t\t\t<div class=\"elementor-container elementor-column-gap-default\">\n\t\t\t\t\t<div class=\"elementor-column elementor-col-100 elementor-top-column elementor-element elementor-element-10b43cf\" data-id=\"10b43cf\" data-element_type=\"column\" data-e-type=\"column\">\n\t\t\t<div class=\"elementor-widget-wrap elementor-element-populated\">\n\t\t\t\t\t\t<div class=\"elementor-element elementor-element-2bff737 elementor-widget elementor-widget-text-editor\" data-id=\"2bff737\" data-element_type=\"widget\" data-e-type=\"widget\" data-widget_type=\"text-editor.default\">\n\t\t\t\t<div class=\"elementor-widget-container\">\n\t\t\t\t\t\t\t\t\t<p data-start=\"166\" data-end=\"233\"><strong data-start=\"166\" data-end=\"185\">Data intr\u0103rii \u00een vigoare:<\/strong> 03.02.2023<br data-start=\"199\" data-end=\"202\"><strong data-start=\"202\" data-end=\"219\">Ultima actualizare:<\/strong> 20.03.2026<\/p><h2 data-section-id=\"vm4t57\" data-start=\"235\" data-end=\"263\">1. Scopul prezentei politici<\/h2><p data-start=\"265\" data-end=\"474\">Prezenta Politic\u0103 GDPR stabile\u0219te principiile, angajamentele \u0219i m\u0103surile de guvernan\u021b\u0103 aplicate de <strong data-start=\"355\" data-end=\"426\">Asocia\u021bia Clusterul de Excelen\u021b\u0103 \u00een Securitate Cibernetic\u0103 (CYSCOE)<\/strong> \u00een leg\u0103tur\u0103 cu prelucrarea datelor cu caracter personal.<\/p><p data-start=\"476\" data-end=\"802\">Prezentul document completeaz\u0103 Politica de confiden\u021bialitate \u0219i reflect\u0103 angajamentul CYSCOE fa\u021b\u0103 de prelucrarea legal\u0103, corect\u0103, transparent\u0103, sigur\u0103 \u0219i responsabil\u0103 a datelor cu caracter personal, \u00een conformitate cu <strong data-start=\"656\" data-end=\"728\">Regulamentul (UE) 2016\/679 (Regulamentul general privind protec\u021bia datelor &#8211; GDPR)<\/strong> \u0219i cu cadrul juridic aplicabil care reglementeaz\u0103 confiden\u021bialitatea \u0219i protec\u021bia datelor.<\/p><p data-start=\"804\" data-end=\"1034\">GDPR stabile\u0219te un regim bazat pe principii care impune organiza\u021biilor nu numai s\u0103 se conformeze, ci \u0219i s\u0103 fie capabile s\u0103 demonstreze conformitatea prin guvernan\u021b\u0103 adecvat\u0103, m\u0103suri de protec\u021bie, documenta\u021bie \u0219i responsabilitate organiza\u021bional\u0103.<\/p><h2 data-section-id=\"whozeb\" data-start=\"1036\" data-end=\"1047\">2. Domeniul de aplicare<\/h2><p data-start=\"1049\" data-end=\"1125\">Prezenta politic\u0103 se aplic\u0103 datelor cu caracter personal prelucrate de CYSCOE \u00een leg\u0103tur\u0103 cu:<\/p><ul><li data-start=\"1129\" data-end=\"1179\">administrarea site-ului web \u0219i comunicarea digital\u0103;<\/li><li data-start=\"1182\" data-end=\"1239\">coresponden\u021ba institu\u021bional\u0103 \u0219i interac\u021biunea p\u0103r\u021bilor interesate;<\/li><li data-start=\"1242\" data-end=\"1295\">parteneriate strategice \u0219i ini\u021biative de colaborare;<\/li><li data-start=\"1298\" data-end=\"1371\">reuniuni, conferin\u021be, evenimente, ateliere, apeluri \u0219i activit\u0103\u021bi de formare;<\/li><li data-start=\"1374\" data-end=\"1422\">implementarea proiectelor \u0219i implicarea ecosistemelor;<\/li><li data-start=\"1425\" data-end=\"1495\">activit\u0103\u021bi opera\u021bionale, administrative, juridice \u0219i legate de guvernan\u021b\u0103.<\/li><\/ul><p data-start=\"1497\" data-end=\"1644\">Prezenta politic\u0103 se aplic\u0103 datelor cu caracter personal prelucrate \u00een form\u0103 electronic\u0103, scris\u0103 \u0219i verbal\u0103, atunci c\u00e2nd o astfel de prelucrare intr\u0103 \u00een responsabilitatea CYSCOE.<\/p><h2 data-section-id=\"1twzamq\" data-start=\"1646\" data-end=\"1683\">3. Identitatea operatorului de date<\/h2><p data-start=\"1685\" data-end=\"1782\">Cu excep\u021bia cazului \u00een care se prevede altfel \u00eentr-un context contractual sau opera\u021bional specific, operatorul de date este:<\/p><p data-start=\"1784\" data-end=\"1953\"><strong data-start=\"1784\" data-end=\"1846\">Asocia\u021bia Clusterul de Excelen\u021b\u0103 \u00een Securitate Cibernetic\u0103<\/strong><br data-start=\"1846\" data-end=\"1849\">Mare\u0219al Alexandru Averescu nr. 8-10, et. 1, cam. 104, sector 1, Bucure\u0219ti<br data-start=\"1922\" data-end=\"1925\">Email: <strong data-start=\"1932\" data-end=\"1953\"><a class=\"decorated-link cursor-pointer\" rel=\"noopener\" data-start=\"1934\" data-end=\"1951\">contact@cyscoe.ro<\/a><\/strong>  <\/p><p data-start=\"1955\" data-end=\"2195\">\u00cen cazul \u00een care CYSCOE determin\u0103 scopurile \u0219i mijloacele de prelucrare, aceasta ac\u021bioneaz\u0103 \u00een calitate de operator de date. \u00cen rela\u021biile contractuale distincte, CYSCOE poate ac\u021biona \u00eentr-o alt\u0103 calitate definit\u0103 din punct de vedere juridic, \u00een func\u021bie de alocarea rolurilor \u0219i responsabilit\u0103\u021bilor. <\/p><h2 data-section-id=\"51dspe\" data-start=\"2197\" data-end=\"2234\">4. Principiile de baz\u0103 ale protec\u021biei datelor<\/h2><p data-start=\"2236\" data-end=\"2311\">CYSCOE aplic\u0103 urm\u0103toarele principii pentru prelucrarea datelor cu caracter personal:<\/p><h3 data-section-id=\"b9hul7\" data-start=\"2313\" data-end=\"2358\">4.1 Legalitate, corectitudine \u0219i transparen\u021b\u0103<\/h3><p data-start=\"2359\" data-end=\"2470\">Datele cu caracter personal sunt prelucrate \u00een mod legal, echitabil \u0219i transparent \u00een raport cu persoana vizat\u0103.<\/p><h3 data-section-id=\"syoza0\" data-start=\"2472\" data-end=\"2498\">4.2 Limitarea scopului<\/h3><p data-start=\"2499\" data-end=\"2652\">Datele cu caracter personal sunt colectate \u00een scopuri specificate, explicite \u0219i legitime \u0219i nu sunt prelucrate ulterior \u00eentr-un mod incompatibil cu aceste scopuri.<\/p><h3 data-section-id=\"1vsy31y\" data-start=\"2654\" data-end=\"2679\">4.3 Minimizarea datelor<\/h3><p data-start=\"2680\" data-end=\"2810\">Datele cu caracter personal trebuie s\u0103 fie adecvate, relevante \u0219i limitate la ceea ce este necesar \u00een raport cu scopurile pentru care sunt prelucrate.<\/p><h3 data-section-id=\"rk5n9\" data-start=\"2812\" data-end=\"2828\">4.4 Acurate\u021be<\/h3><p data-start=\"2829\" data-end=\"2940\">Se iau m\u0103suri rezonabile pentru a se asigura c\u0103 datele cu caracter personal sunt exacte \u0219i, dac\u0103 este necesar, actualizate.<\/p><h3 data-section-id=\"1q968l4\" data-start=\"2942\" data-end=\"2968\">4.5 Limitarea stoc\u0103rii<\/h3><p data-start=\"2969\" data-end=\"3164\">Datele cu caracter personal sunt p\u0103strate numai at\u00e2t timp c\u00e2t este necesar pentru scopul de prelucrare relevant, cu excep\u021bia cazului \u00een care o perioad\u0103 de p\u0103strare mai lung\u0103 este impus\u0103 sau justificat\u0103 de lege sau de nevoi legitime de conformitate.<\/p><h3 data-section-id=\"1flc45s\" data-start=\"3166\" data-end=\"3203\">4.6 Integritate \u0219i confiden\u021bialitate<\/h3><p data-start=\"3204\" data-end=\"3401\">Datele cu caracter personal sunt prelucrate \u00eentr-un mod care asigur\u0103 securitatea corespunz\u0103toare, inclusiv protec\u021bia \u00eempotriva prelucr\u0103rii neautorizate sau ilegale \u0219i \u00eempotriva pierderii, distrugerii sau deterior\u0103rii accidentale.<\/p><h3 data-section-id=\"3dpsvc\" data-start=\"3403\" data-end=\"3425\">4.7 Responsabilitate<\/h3><p data-start=\"3426\" data-end=\"3676\">CYSCOE recunoa\u0219te c\u0103 conformitatea trebuie s\u0103 fie demonstrabil\u0103. \u00cen consecin\u021b\u0103, protec\u021bia datelor este sus\u021binut\u0103 nu numai prin anun\u021buri publice, ci \u0219i prin guvernan\u021b\u0103 intern\u0103, controlul accesului, supravegherea furnizorilor, practici de p\u0103strare \u0219i m\u0103suri de protec\u021bie documentate. <\/p><h2 data-section-id=\"11yw4z1\" data-start=\"3678\" data-end=\"3711\">5. Temeiuri legale pentru prelucrare<\/h2><p data-start=\"3713\" data-end=\"3854\">CYSCOE prelucreaz\u0103 datele cu caracter personal numai \u00een cazul \u00een care exist\u0103 un temei juridic adecvat \u00een conformitate cu GDPR. \u00cen func\u021bie de circumstan\u021be, aceasta poate include: <\/p><ul><li data-start=\"3858\" data-end=\"3889\">consim\u021b\u0103m\u00e2ntul persoanei vizate;<\/li><li data-start=\"3892\" data-end=\"3971\">executarea unui contract sau m\u0103surile luate \u00eenainte de \u00eencheierea unui contract;<\/li><li data-start=\"3974\" data-end=\"4013\">respectarea unei obliga\u021bii legale;<\/li><li data-start=\"4016\" data-end=\"4132\">interese legitime, cu condi\u021bia ca drepturile \u0219i libert\u0103\u021bile persoanei vizate s\u0103 nu prevaleze asupra acestor interese.<\/li><\/ul><p data-start=\"4134\" data-end=\"4274\">\u00cen cazul \u00een care consim\u021b\u0103m\u00e2ntul este utilizat ca temei juridic, acesta trebuie s\u0103 fie liber exprimat, specific, informat \u0219i neechivoc \u0219i poate fi retras \u00een orice moment.<\/p><h2 data-section-id=\"3o7x1m\" data-start=\"4276\" data-end=\"4309\">6. Categorii de date cu caracter personal<\/h2><p data-start=\"4311\" data-end=\"4401\">\u00cen func\u021bie de contextul relevant, CYSCOE poate prelucra categorii de date cu caracter personal, cum ar fi:<\/p><ul><li data-start=\"4405\" data-end=\"4425\">date de identificare;<\/li><li data-start=\"4428\" data-end=\"4441\">date de contact;<\/li><li data-start=\"4444\" data-end=\"4491\">afiliere profesional\u0103 \u0219i date legate de rol;<\/li><li data-start=\"4494\" data-end=\"4532\">date de comunicare \u0219i coresponden\u021b\u0103;<\/li><li data-start=\"4535\" data-end=\"4574\">date tehnice \u0219i digitale de interac\u021biune;<\/li><li data-start=\"4577\" data-end=\"4613\">date legate de eveniment sau de participare;<\/li><li data-start=\"4616\" data-end=\"4704\">date furnizate \u00een mod voluntar prin formulare, e-mail, \u00eent\u00e2lniri sau interac\u021biuni institu\u021bionale.<\/li><\/ul><p data-start=\"4706\" data-end=\"4841\">CYSCOE \u00eencearc\u0103 s\u0103 limiteze prelucrarea datelor cu caracter personal la ceea ce este relevant \u0219i necesar pentru scopuri institu\u021bionale \u0219i opera\u021bionale legitime.<\/p><h2 data-section-id=\"1esx3be\" data-start=\"4843\" data-end=\"4884\">7. Categorii speciale de date cu caracter personal<\/h2><p data-start=\"4886\" data-end=\"5154\">CYSCOE nu \u00eencearc\u0103 \u00een mod inten\u021bionat s\u0103 colecteze categorii speciale de date cu caracter personal prin intermediul site-ului s\u0103u web sau al canalelor de comunicare obi\u0219nuite, cu excep\u021bia cazului \u00een care o astfel de prelucrare este \u00een mod clar necesar\u0103, justificat\u0103 \u00een mod legal \u0219i sus\u021binut\u0103 de un temei juridic adecvat \u00een temeiul articolului 9 din RGPD.<\/p><p data-start=\"5156\" data-end=\"5352\">\u00cen cazul \u00een care astfel de date sunt primite neinten\u021bionat, CYSCOE va evalua necesitatea p\u0103str\u0103rii lor \u0219i le va trata \u00een conformitate cu principiile minimiz\u0103rii, securit\u0103\u021bii \u0219i prelucr\u0103rii legale.<\/p><h2 data-section-id=\"bc55gs\" data-start=\"5354\" data-end=\"5379\">8. Drepturile persoanelor vizate<\/h2><p data-start=\"5381\" data-end=\"5485\">Sub rezerva condi\u021biilor \u0219i limit\u0103rilor prev\u0103zute de lege, persoanele vizate pot avea urm\u0103toarele drepturi:<\/p><ul><li data-start=\"5489\" data-end=\"5514\">dreptul de a fi informat;<\/li><li data-start=\"5517\" data-end=\"5537\">dreptul de acces;<\/li><li data-start=\"5540\" data-end=\"5567\">dreptul la rectificare;<\/li><li data-start=\"5570\" data-end=\"5591\">dreptul la \u0219tergere;<\/li><li data-start=\"5594\" data-end=\"5633\">dreptul la restric\u021bionarea prelucr\u0103rii;<\/li><li data-start=\"5636\" data-end=\"5666\">dreptul la portabilitatea datelor;<\/li><li data-start=\"5669\" data-end=\"5689\">dreptul de a formula obiec\u021bii;<\/li><li data-start=\"5692\" data-end=\"5756\">dreptul de a retrage consim\u021b\u0103m\u00e2ntul, \u00een cazul \u00een care consim\u021b\u0103m\u00e2ntul este temeiul juridic;<\/li><li data-start=\"5759\" data-end=\"5877\">dreptul de a nu face obiectul unei decizii bazate exclusiv pe prelucrarea automat\u0103, inclusiv crearea de profiluri, dup\u0103 caz;<\/li><li data-start=\"5880\" data-end=\"5940\">dreptul de a depune o pl\u00e2ngere la o autoritate de supraveghere.<\/li><\/ul><p data-start=\"5942\" data-end=\"6091\">CYSCOE ia \u00een considerare \u0219i r\u0103spunde cererilor privind aceste drepturi \u00een conformitate cu legisla\u021bia aplicabil\u0103 \u0219i \u00een termenele legale aplicabile.<\/p><p data-start=\"6093\" data-end=\"6165\">Pentru exercitarea acestor drepturi, o cerere poate fi trimis\u0103 la adresa: <strong data-start=\"6144\" data-end=\"6165\"><a class=\"decorated-link cursor-pointer\" rel=\"noopener\" data-start=\"6146\" data-end=\"6163\">contact@cyscoe.ro<\/a><\/strong><\/p><h2 data-section-id=\"1zjdy5\" data-start=\"6167\" data-end=\"6194\">9. Verificarea identit\u0103\u021bii<\/h2><p data-start=\"6196\" data-end=\"6403\">\u00cen cazul \u00een care o persoan\u0103 depune o cerere referitoare la date cu caracter personal, CYSCOE poate lua m\u0103suri rezonabile \u0219i propor\u021bionale pentru a verifica identitatea solicitantului \u00eenainte de divulgarea, modificarea sau \u0219tergerea datelor cu caracter personal.<\/p><p data-start=\"6405\" data-end=\"6547\">Aceste m\u0103suri de verificare sunt menite s\u0103 protejeze persoanele vizate \u00eempotriva divulg\u0103rii neautorizate, fraudei de identitate, utiliz\u0103rii abuzive sau accesului ilegal.<\/p><h2 data-section-id=\"1iktzvz\" data-start=\"6549\" data-end=\"6593\">10. M\u0103suri tehnice \u0219i organizatorice<\/h2><p data-start=\"6595\" data-end=\"6769\">CYSCOE pune \u00een aplicare m\u0103suri tehnice \u0219i organizatorice adecvate menite s\u0103 asigure un nivel de securitate corespunz\u0103tor naturii, domeniului de aplicare, contextului \u0219i riscurilor prelucr\u0103rii.<\/p><p data-start=\"6771\" data-end=\"6797\">Astfel de m\u0103suri pot include:<\/p><ul><li data-start=\"6801\" data-end=\"6866\">acces controlat la date \u00een func\u021bie de rol \u0219i de necesitatea de a cunoa\u0219te;<\/li><li data-start=\"6869\" data-end=\"6911\">g\u0103zduire sigur\u0103 \u0219i administrare de sisteme;<\/li><li data-start=\"6914\" data-end=\"6970\">m\u0103suri de confiden\u021bialitate pentru comunica\u021bii \u0219i \u00eenregistr\u0103ri;<\/li><li data-start=\"6973\" data-end=\"7014\">practici de gestionare a identit\u0103\u021bii \u0219i accesului;<\/li><li data-start=\"7017\" data-end=\"7059\">monitorizare, logare \u0219i revizuire tehnic\u0103;<\/li><li data-start=\"7062\" data-end=\"7119\">metode de transfer securizate \u0219i criptare, dup\u0103 caz;<\/li><li data-start=\"7122\" data-end=\"7191\">proceduri pentru manipularea, stocarea \u0219i eliminarea \u00een condi\u021bii de siguran\u021b\u0103 a informa\u021biilor.<\/li><\/ul><p data-start=\"7193\" data-end=\"7332\">Aceste m\u0103suri sunt menite s\u0103 sprijine confiden\u021bialitatea, integritatea, disponibilitatea \u0219i rezilien\u021ba opera\u021biunilor de prelucrare a datelor cu caracter personal.<\/p><h2 data-section-id=\"xaphkq\" data-start=\"7334\" data-end=\"7378\">11. Prelucr\u0103tori de date \u0219i furnizori de servicii<\/h2><p data-start=\"7380\" data-end=\"7624\">\u00cen cazul \u00een care CYSCOE angajeaz\u0103 furnizori de servicii ter\u021bi pentru g\u0103zduire, asisten\u021b\u0103 IT, comunica\u021bii, securitate cibernetic\u0103, analiz\u0103, administrare, asisten\u021b\u0103 juridic\u0103 sau servicii opera\u021bionale similare, furnizorii respectivi pot prelucra date cu caracter personal \u00een numele CYSCOE.<\/p><p data-start=\"7626\" data-end=\"7669\">\u00cen astfel de cazuri, CYSCOE \u00eencearc\u0103 s\u0103 se asigure c\u0103:<\/p><ul><li data-start=\"7673\" data-end=\"7762\">furnizorii de servicii sunt selecta\u021bi \u021bin\u00e2nd seama \u00een mod corespunz\u0103tor de fiabilitate \u0219i de garan\u021biile adecvate;<\/li><li data-start=\"7765\" data-end=\"7838\">acordurile contractuale reflect\u0103 cerin\u021bele aplicabile privind protec\u021bia datelor;<\/li><li data-start=\"7841\" data-end=\"7920\">datele cu caracter personal sunt prelucrate numai \u00een m\u0103sura necesar\u0103 pentru serviciul convenit;<\/li><li data-start=\"7923\" data-end=\"8015\">furnizorii de servicii sunt supu\u0219i obliga\u021biilor de confiden\u021bialitate, securitate \u0219i protec\u021bie a datelor.<\/li><\/ul><h2 data-section-id=\"gxkdsp\" data-start=\"8017\" data-end=\"8071\">12. Divulgarea c\u0103tre autorit\u0103\u021bi \u0219i utilizarea legal\u0103 a datelor<\/h2><p data-start=\"8073\" data-end=\"8123\">CYSCOE poate dezv\u0103lui date cu caracter personal atunci c\u00e2nd este necesar:<\/p><ul><li data-start=\"8127\" data-end=\"8171\">pentru a respecta obliga\u021biile legale aplicabile;<\/li><li data-start=\"8174\" data-end=\"8238\">pentru a r\u0103spunde solicit\u0103rilor legale din partea autorit\u0103\u021bilor publice competente;<\/li><li data-start=\"8241\" data-end=\"8288\">pentru a stabili, exercita sau ap\u0103ra preten\u021bii legale;<\/li><li data-start=\"8291\" data-end=\"8414\">pentru a preveni frauda, abuzul, accesul neautorizat sau alte comportamente care afecteaz\u0103 drepturile legitime ale CYSCOE sau mediul digital.<\/li><\/ul><p data-start=\"8416\" data-end=\"8542\">O astfel de prelucrare se efectueaz\u0103 numai \u00een cazul \u00een care exist\u0103 un temei legal \u0219i \u00een cazul \u00een care divulgarea este necesar\u0103 \u0219i propor\u021bional\u0103.<\/p><h2 data-section-id=\"115lai3\" data-start=\"8544\" data-end=\"8574\">13. Transferuri interna\u021bionale<\/h2><p data-start=\"8576\" data-end=\"8772\">\u00cen cazul \u00een care datele cu caracter personal sunt transferate \u00een afara Spa\u021biului Economic European, CYSCOE se va asigura c\u0103 transferul face obiectul unei garan\u021bii adecvate recunoscute \u00een temeiul legisla\u021biei UE privind protec\u021bia datelor, cum ar fi:<\/p><ul><li data-start=\"8776\" data-end=\"8797\">o decizie de adecvare;<\/li><li data-start=\"8800\" data-end=\"8829\">Clauze contractuale standard;<\/li><li data-start=\"8832\" data-end=\"8869\">sau un alt mecanism de transfer legal.<\/li><\/ul><p data-start=\"8871\" data-end=\"8994\">CYSCOE \u00eencearc\u0103 s\u0103 se asigure c\u0103 transferurile interna\u021bionale sunt evaluate \u021bin\u00e2nd seama \u00een mod corespunz\u0103tor de riscurile juridice, tehnice \u0219i opera\u021bionale.<\/p><h2 data-section-id=\"5apcu3\" data-start=\"8996\" data-end=\"9028\">14. P\u0103strarea \u0219i revizuirea datelor<\/h2><p data-start=\"9030\" data-end=\"9156\">Datele cu caracter personal sunt p\u0103strate numai at\u00e2t timp c\u00e2t este necesar \u00een scopul pentru care au fost colectate, \u021bin\u00e2nd seama de:<\/p><ul><li data-start=\"9160\" data-end=\"9228\">natura \u0219i durata rela\u021biei sau interac\u021biunii relevante;<\/li><li data-start=\"9231\" data-end=\"9290\">obliga\u021bii legale, de reglementare, fiscale, de audit \u0219i probatorii;<\/li><li data-start=\"9293\" data-end=\"9349\">cerin\u021bele de securitate, de prevenire a fraudei \u0219i de continuitate;<\/li><li data-start=\"9352\" data-end=\"9408\">necesitatea de a stabili, exercita sau ap\u0103ra drepturi legale;<\/li><li data-start=\"9411\" data-end=\"9477\">dac\u0103 informa\u021biile r\u0103m\u00e2n exacte, relevante \u0219i necesare.<\/li><\/ul><p data-start=\"9479\" data-end=\"9636\">\u00cen cazul \u00een care datele nu mai sunt necesare, acestea sunt \u0219terse, anonimizate, arhivate sau prelucrate \u00een alt mod securizat \u00een conformitate cu practicile de p\u0103strare aplicabile.<\/p><h2 data-section-id=\"gmcpmu\" data-start=\"9638\" data-end=\"9660\">15. Date privind copiii<\/h2><p data-start=\"9662\" data-end=\"9884\">CYSCOE nu vizeaz\u0103 \u00een mod inten\u021bionat copiii prin intermediul site-ului s\u0103u web \u0219i nu colecteaz\u0103 cu bun\u0103 \u0219tiin\u021b\u0103 date cu caracter personal referitoare la minori dec\u00e2t dac\u0103 exist\u0103 un temei juridic adecvat \u0219i un motiv opera\u021bional legitim pentru a face acest lucru.<\/p><p data-start=\"9886\" data-end=\"10107\">\u00cen cazul \u00een care CYSCOE constat\u0103 c\u0103 datele cu caracter personal referitoare la un minor au fost prelucrate f\u0103r\u0103 un temei juridic adecvat, aceasta va lua m\u0103suri rezonabile pentru a evalua \u0219i aborda situa\u021bia \u00een conformitate cu legisla\u021bia aplicabil\u0103.<\/p><h2 data-section-id=\"xu2x8j\" data-start=\"10109\" data-end=\"10161\">16. Guvernan\u021b\u0103, revizuire \u0219i conformitate continu\u0103<\/h2><p data-start=\"10163\" data-end=\"10292\">CYSCOE recunoa\u0219te c\u0103 respectarea protec\u021biei datelor este o responsabilitate de guvernan\u021b\u0103 continu\u0103, mai degrab\u0103 dec\u00e2t un exerci\u021biu formal punctual.<\/p><p data-start=\"10294\" data-end=\"10371\">\u00cen consecin\u021b\u0103, prezenta politic\u0103 poate fi revizuit\u0103 \u0219i actualizat\u0103 periodic pentru a reflecta:<\/p><ul><li data-start=\"10375\" data-end=\"10419\">modific\u0103ri ale legisla\u021biei sau ale interpret\u0103rii reglement\u0103rilor;<\/li><li data-start=\"10422\" data-end=\"10464\">evolu\u021bii opera\u021bionale sau tehnologice;<\/li><li data-start=\"10467\" data-end=\"10522\">modific\u0103ri ale furnizorilor de servicii sau ale infrastructurii digitale;<\/li><li data-start=\"10525\" data-end=\"10599\">schimb\u0103ri \u00een natura, amploarea sau profilul de risc al prelucr\u0103rii datelor cu caracter personal.<\/li><\/ul><h2 data-section-id=\"ez7jws\" data-start=\"10601\" data-end=\"10631\">17. Responsabilul cu protec\u021bia datelor<\/h2><p data-start=\"10633\" data-end=\"10711\">\u00cen prezent, CYSCOE <strong data-start=\"10657\" data-end=\"10664\">nu<\/strong> desemneaz\u0103 un responsabil permanent cu protec\u021bia datelor.<\/p><p data-start=\"10713\" data-end=\"10905\">\u00cen cazul \u00een care amploarea, natura sau contextul juridic al prelucr\u0103rii se modific\u0103 \u00eentr-un mod care poate declan\u0219a o astfel de obliga\u021bie \u00een temeiul legisla\u021biei aplicabile, CYSCOE poate reevalua aceast\u0103 pozi\u021bie \u0219i poate lua m\u0103surile corespunz\u0103toare.<\/p><h2 data-section-id=\"n721zh\" data-start=\"10907\" data-end=\"10950\">18. Reclama\u021bii \u0219i autoritate de supraveghere<\/h2><p data-start=\"10952\" data-end=\"11108\">\u00cen cazul \u00een care considera\u021bi c\u0103 datele dumneavoastr\u0103 cu caracter personal au fost prelucrate cu \u00eenc\u0103lcarea legisla\u021biei aplicabile, pute\u021bi contacta CYSCOE pentru ca problema s\u0103 poat\u0103 fi examinat\u0103 intern.<\/p><p data-start=\"11110\" data-end=\"11195\">De asemenea, ave\u021bi dreptul de a depune o pl\u00e2ngere la autoritatea rom\u00e2n\u0103 de supraveghere:<\/p><p data-start=\"11197\" data-end=\"11454\"><strong data-start=\"11197\" data-end=\"11291\">Autoritatea Na\u021bional\u0103 de Supraveghere a Prelucr\u0103rii Datelor cu Caracter Personal (ANSPDCP)<\/strong><br data-start=\"11291\" data-end=\"11294\">B-dul G-ral. Gheorghe Magheru 28-30, Sector 1, cod po\u0219tal 010336, Bucure\u0219ti, Rom\u00e2nia<br data-start=\"11378\" data-end=\"11381\">Email: <strong data-start=\"11388\" data-end=\"11417\"><a class=\"decorated-link cursor-pointer\" rel=\"noopener\" data-start=\"11390\" data-end=\"11415\">anspdcp@dataprotection.ro<\/a><\/strong><br data-start=\"11417\" data-end=\"11420\">Website: <strong data-start=\"11429\" data-end=\"11454\"><a class=\"decorated-link\" href=\"http:\/\/www.dataprotection.ro\" target=\"_new\" rel=\"noopener\" data-start=\"11431\" data-end=\"11452\">www.dataprotection.ro<\/a><\/strong><\/p><h2 data-section-id=\"87d8bn\" data-start=\"11456\" data-end=\"11470\">19. Contact<\/h2><p data-start=\"11472\" data-end=\"11579\">Pentru \u00eentreb\u0103ri referitoare la aceast\u0103 politic\u0103 GDPR sau la prelucrarea datelor cu caracter personal de c\u0103tre CYSCOE, v\u0103 rug\u0103m s\u0103 contacta\u021bi:<\/p><p data-start=\"11581\" data-end=\"11750\"><strong data-start=\"11581\" data-end=\"11643\">Asocia\u021bia Clusterul de Excelen\u021b\u0103 \u00een Securitate Cibernetic\u0103<\/strong><br data-start=\"11643\" data-end=\"11646\">Mare\u0219al Alexandru Averescu nr. 8-10, et. 1, cam. 104, sector 1, Bucure\u0219ti<br data-start=\"11719\" data-end=\"11722\">Email: security@cyscoe.ro  <\/p>\t\t\t\t\t\t\t\t<\/div>\n\t\t\t\t<\/div>\n\t\t\t\t\t<\/div>\n\t\t<\/div>\n\t\t\t\t\t<\/div>\n\t\t<\/section>\n\t\t\t\t<\/div>\n\t\t","protected":false},"excerpt":{"rendered":"<p>Data intr\u0103rii \u00een vigoare: 03.02.2023Ultima actualizare: 20.03.2026 1. Scopul prezentei politici Prezenta Politic\u0103 GDPR stabile\u0219te principiile, angajamentele \u0219i m\u0103surile de guvernan\u021b\u0103 aplicate de Asocia\u021bia Clusterul de Excelen\u021b\u0103 \u00een Securitate Cibernetic\u0103 (CYSCOE) \u00een leg\u0103tur\u0103 cu prelucrarea datelor cu caracter personal. Prezentul document completeaz\u0103 Politica de confiden\u021bialitate \u0219i reflect\u0103 angajamentul CYSCOE fa\u021b\u0103 de prelucrarea legal\u0103, corect\u0103, transparent\u0103, [&hellip;]<\/p>\n","protected":false},"author":3,"featured_media":0,"parent":0,"menu_order":0,"comment_status":"closed","ping_status":"closed","template":"","meta":{"_acf_changed":false,"footnotes":""},"class_list":["post-2460","page","type-page","status-publish","hentry"],"acf":[],"_links":{"self":[{"href":"https:\/\/cyscoe.ro\/ro\/wp-json\/wp\/v2\/pages\/2460","targetHints":{"allow":["GET"]}}],"collection":[{"href":"https:\/\/cyscoe.ro\/ro\/wp-json\/wp\/v2\/pages"}],"about":[{"href":"https:\/\/cyscoe.ro\/ro\/wp-json\/wp\/v2\/types\/page"}],"author":[{"embeddable":true,"href":"https:\/\/cyscoe.ro\/ro\/wp-json\/wp\/v2\/users\/3"}],"replies":[{"embeddable":true,"href":"https:\/\/cyscoe.ro\/ro\/wp-json\/wp\/v2\/comments?post=2460"}],"version-history":[{"count":1,"href":"https:\/\/cyscoe.ro\/ro\/wp-json\/wp\/v2\/pages\/2460\/revisions"}],"predecessor-version":[{"id":2461,"href":"https:\/\/cyscoe.ro\/ro\/wp-json\/wp\/v2\/pages\/2460\/revisions\/2461"}],"wp:attachment":[{"href":"https:\/\/cyscoe.ro\/ro\/wp-json\/wp\/v2\/media?parent=2460"}],"curies":[{"name":"wp","href":"https:\/\/api.w.org\/{rel}","templated":true}]}}